{"id":45,"date":"2025-02-03T13:58:32","date_gmt":"2025-02-03T13:58:32","guid":{"rendered":"https:\/\/kabbalahcentrum.nl\/?page_id=45"},"modified":"2025-02-03T13:58:35","modified_gmt":"2025-02-03T13:58:35","slug":"contacten","status":"publish","type":"page","link":"https:\/\/kabbalahcentrum.nl\/ro\/contacten\/","title":{"rendered":"Contacte"},"content":{"rendered":"<p>Bine a\u021bi venit la <strong>Centrul Cabalei<\/strong>Suntem gata s\u0103 primim \u00eentreb\u0103rile, sugestiile \u0219i feedback-ul dumneavoastr\u0103. Nu ezita\u021bi s\u0103 ne contacta\u021bi folosind datele de mai jos sau formularul de contact.<\/p>\n<h2>E-mail<\/h2>\n<p>Ave\u021bi o \u00eentrebare specific\u0103 sau dori\u021bi mai multe informa\u021bii? Trimite\u021bi-ne un e-mail la <a href=\"mailto:info@kabbalahcentrum.nl\">info@kabbalahcentrum.nl<\/a>Ne propunem s\u0103 r\u0103spundem \u00een termen de 24 de ore.<\/p>\n<h2>Formular de feedback<\/h2>\n<p>Folose\u0219te formularul de mai jos pentru a ne contacta direct. Echipa noastr\u0103 este gata s\u0103 te ajute c\u00e2t mai cur\u00e2nd posibil.<\/p>\n<form action=\"\/ro\/verzenden\/\" method=\"post\" data-trp-original-action=\"\/verzenden\">\n        <label for=\"naam\">Nume:<\/label><br \/>\n        <input type=\"text\" id=\"naam\" name=\"naam\" required><\/p>\n<p>        <label for=\"email\">Adresa de e-mail:<\/label><br \/>\n        <input type=\"email\" id=\"email\" name=\"email\" required><\/p>\n<p>        <label for=\"onderwerp\">Subiect:<\/label><br \/>\n        <input type=\"text\" id=\"onderwerp\" name=\"onderwerp\" required><\/p>\n<p>        <label for=\"bericht\">Mesaj:<\/label><br \/>\n        <textarea id=\"bericht\" name=\"bericht\" rows=\"5\" required><\/textarea><\/p>\n<p>        <button type=\"submit\">Trimite<\/button><br \/>\n    <input type=\"hidden\" name=\"trp-form-language\" value=\"ro\"\/><\/form>","protected":false},"excerpt":{"rendered":"<p>Bun venit la Centrul Kabbalah. Suntem gata s\u0103 primim \u00eentreb\u0103rile, sugestiile \u0219i feedback-ul dumneavoastr\u0103. Nu ezita\u021bi s\u0103 ne contacta\u021bi folosind informa\u021biile de mai jos sau formularul de contact. Email <a class=\"more-link\" href=\"https:\/\/kabbalahcentrum.nl\/ro\/contacten\/\">[ . . . ]<\/a><\/p>","protected":false},"author":1,"featured_media":0,"parent":0,"menu_order":0,"comment_status":"closed","ping_status":"closed","template":"","meta":{"_acf_changed":false,"footnotes":""},"class_list":["post-45","page","type-page","status-publish","hentry"],"acf":[],"yoast_head":"<!-- This site is optimized with the Yoast SEO plugin v23.2 - https:\/\/yoast.com\/wordpress\/plugins\/seo\/ -->\n<title>Contacten - kabbalahcentrum.nl<\/title>\n<meta name=\"robots\" content=\"index, follow, max-snippet:-1, max-image-preview:large, max-video-preview:-1\" \/>\n<link rel=\"canonical\" href=\"https:\/\/kabbalahcentrum.nl\/ro\/contacten\/\" \/>\n<meta property=\"og:locale\" content=\"ro_RO\" \/>\n<meta property=\"og:type\" content=\"article\" \/>\n<meta property=\"og:title\" content=\"Contacten - kabbalahcentrum.nl\" \/>\n<meta property=\"og:description\" content=\"Welkom bij Kabbalah Centrum. Wij staan klaar om jouw vragen, suggesties en feedback te ontvangen. Neem gerust contact met ons op via de onderstaande gegevens of gebruik het contactformulier. E-mail [ . . . ]\" \/>\n<meta property=\"og:url\" content=\"https:\/\/kabbalahcentrum.nl\/ro\/contacten\/\" \/>\n<meta property=\"og:site_name\" content=\"kabbalahcentrum.nl\" \/>\n<meta property=\"article:modified_time\" content=\"2025-02-03T13:58:35+00:00\" \/>\n<meta name=\"twitter:card\" content=\"summary_large_image\" \/>\n<meta name=\"twitter:label1\" content=\"Timp estimat pentru citire\" \/>\n\t<meta name=\"twitter:data1\" content=\"1 minut\" \/>\n<script type=\"application\/ld+json\" class=\"yoast-schema-graph\">{\"@context\":\"https:\/\/schema.org\",\"@graph\":[{\"@type\":\"WebPage\",\"@id\":\"https:\/\/kabbalahcentrum.nl\/contacten\/\",\"url\":\"https:\/\/kabbalahcentrum.nl\/contacten\/\",\"name\":\"Contacten - kabbalahcentrum.nl\",\"isPartOf\":{\"@id\":\"https:\/\/kabbalahcentrum.nl\/#website\"},\"datePublished\":\"2025-02-03T13:58:32+00:00\",\"dateModified\":\"2025-02-03T13:58:35+00:00\",\"breadcrumb\":{\"@id\":\"https:\/\/kabbalahcentrum.nl\/contacten\/#breadcrumb\"},\"inLanguage\":\"ro-RO\",\"potentialAction\":[{\"@type\":\"ReadAction\",\"target\":[\"https:\/\/kabbalahcentrum.nl\/contacten\/\"]}]},{\"@type\":\"BreadcrumbList\",\"@id\":\"https:\/\/kabbalahcentrum.nl\/contacten\/#breadcrumb\",\"itemListElement\":[{\"@type\":\"ListItem\",\"position\":1,\"name\":\"Home\",\"item\":\"https:\/\/kabbalahcentrum.nl\/\"},{\"@type\":\"ListItem\",\"position\":2,\"name\":\"Contacten\"}]},{\"@type\":\"WebSite\",\"@id\":\"https:\/\/kabbalahcentrum.nl\/#website\",\"url\":\"https:\/\/kabbalahcentrum.nl\/\",\"name\":\"kabbalahcentrum.nl\",\"description\":\"Blijf stijlvol met mode-inspiratie, trends en tips voor de perfecte outfit\",\"potentialAction\":[{\"@type\":\"SearchAction\",\"target\":{\"@type\":\"EntryPoint\",\"urlTemplate\":\"https:\/\/kabbalahcentrum.nl\/?s={search_term_string}\"},\"query-input\":\"required name=search_term_string\"}],\"inLanguage\":\"ro-RO\"}]}<\/script>\n<!-- \/ Yoast SEO plugin. -->","yoast_head_json":{"title":"Contacten - kabbalahcentrum.nl","robots":{"index":"index","follow":"follow","max-snippet":"max-snippet:-1","max-image-preview":"max-image-preview:large","max-video-preview":"max-video-preview:-1"},"canonical":"https:\/\/kabbalahcentrum.nl\/ro\/contacten\/","og_locale":"ro_RO","og_type":"article","og_title":"Contacten - kabbalahcentrum.nl","og_description":"Welkom bij Kabbalah Centrum. Wij staan klaar om jouw vragen, suggesties en feedback te ontvangen. Neem gerust contact met ons op via de onderstaande gegevens of gebruik het contactformulier. E-mail [ . . . ]","og_url":"https:\/\/kabbalahcentrum.nl\/ro\/contacten\/","og_site_name":"kabbalahcentrum.nl","article_modified_time":"2025-02-03T13:58:35+00:00","twitter_card":"summary_large_image","twitter_misc":{"Timp estimat pentru citire":"1 minut"},"schema":{"@context":"https:\/\/schema.org","@graph":[{"@type":"WebPage","@id":"https:\/\/kabbalahcentrum.nl\/contacten\/","url":"https:\/\/kabbalahcentrum.nl\/contacten\/","name":"Contacten - kabbalahcentrum.nl","isPartOf":{"@id":"https:\/\/kabbalahcentrum.nl\/#website"},"datePublished":"2025-02-03T13:58:32+00:00","dateModified":"2025-02-03T13:58:35+00:00","breadcrumb":{"@id":"https:\/\/kabbalahcentrum.nl\/contacten\/#breadcrumb"},"inLanguage":"ro-RO","potentialAction":[{"@type":"ReadAction","target":["https:\/\/kabbalahcentrum.nl\/contacten\/"]}]},{"@type":"BreadcrumbList","@id":"https:\/\/kabbalahcentrum.nl\/contacten\/#breadcrumb","itemListElement":[{"@type":"ListItem","position":1,"name":"Home","item":"https:\/\/kabbalahcentrum.nl\/"},{"@type":"ListItem","position":2,"name":"Contacten"}]},{"@type":"WebSite","@id":"https:\/\/kabbalahcentrum.nl\/#website","url":"https:\/\/kabbalahcentrum.nl\/","name":"kabbalahcentrum.nl","description":"Blijf stijlvol met mode-inspiratie, trends en tips voor de perfecte outfit","potentialAction":[{"@type":"SearchAction","target":{"@type":"EntryPoint","urlTemplate":"https:\/\/kabbalahcentrum.nl\/?s={search_term_string}"},"query-input":"required name=search_term_string"}],"inLanguage":"ro-RO"}]}},"yoast_meta":{"yoast_wpseo_title":"","yoast_wpseo_metadesc":"","yoast_wpseo_canonical":"https:\/\/kabbalahcentrum.nl\/ro\/wp-json\/wp\/v2\/pages\/45"},"_links":{"self":[{"href":"https:\/\/kabbalahcentrum.nl\/ro\/wp-json\/wp\/v2\/pages\/45","targetHints":{"allow":["GET"]}}],"collection":[{"href":"https:\/\/kabbalahcentrum.nl\/ro\/wp-json\/wp\/v2\/pages"}],"about":[{"href":"https:\/\/kabbalahcentrum.nl\/ro\/wp-json\/wp\/v2\/types\/page"}],"author":[{"embeddable":true,"href":"https:\/\/kabbalahcentrum.nl\/ro\/wp-json\/wp\/v2\/users\/1"}],"replies":[{"embeddable":true,"href":"https:\/\/kabbalahcentrum.nl\/ro\/wp-json\/wp\/v2\/comments?post=45"}],"version-history":[{"count":1,"href":"https:\/\/kabbalahcentrum.nl\/ro\/wp-json\/wp\/v2\/pages\/45\/revisions"}],"predecessor-version":[{"id":48,"href":"https:\/\/kabbalahcentrum.nl\/ro\/wp-json\/wp\/v2\/pages\/45\/revisions\/48"}],"wp:attachment":[{"href":"https:\/\/kabbalahcentrum.nl\/ro\/wp-json\/wp\/v2\/media?parent=45"}],"curies":[{"name":"wp","href":"https:\/\/api.w.org\/{rel}","templated":true}]}}