{"id":44,"date":"2025-02-03T13:57:14","date_gmt":"2025-02-03T13:57:14","guid":{"rendered":"https:\/\/kabbalahcentrum.nl\/?page_id=44"},"modified":"2025-02-03T13:57:17","modified_gmt":"2025-02-03T13:57:17","slug":"over-het-bedrijf","status":"publish","type":"page","link":"https:\/\/kabbalahcentrum.nl\/ro\/over-het-bedrijf\/","title":{"rendered":"Despre companie"},"content":{"rendered":"<p>Bine a\u021bi venit la Kabbalah Centrum Nederland \u2013 sursa dumneavoastr\u0103 suprem\u0103 pentru tot ce \u021bine de mod\u0103 \u0219i stil. V\u0103 oferim cele mai recente tendin\u021be, sfaturi de stil \u0219i inspira\u021bie pentru a v\u0103 crea un look unic.<\/p>\n<p><img loading=\"lazy\" decoding=\"async\" class=\"aligncenter wp-image-46 size-full\" src=\"https:\/\/kabbalahcentrum.nl\/wp-content\/uploads\/2025\/02\/photo-new.jpg\" alt=\"\" width=\"612\" height=\"400\" srcset=\"https:\/\/kabbalahcentrum.nl\/wp-content\/uploads\/2025\/02\/photo-new.jpg 612w, https:\/\/kabbalahcentrum.nl\/wp-content\/uploads\/2025\/02\/photo-new-300x196.jpg 300w\" sizes=\"auto, (max-width: 612px) 100vw, 612px\" \/><\/p>\n<h2>La ce s\u0103 te a\u0219tep\u021bi<\/h2>\n<p>Pe site-ul nostru ve\u021bi g\u0103si o gam\u0103 larg\u0103 de articole despre mod\u0103 \u0219i \u00eembr\u0103c\u0103minte. Fie c\u0103 sunte\u021bi \u00een c\u0103utarea celor mai recente tendin\u021be de pe podiumuri sau a unor sfaturi practice de stil, le avem pe toate.<\/p>\n<ul>\n<li>Analiza tendin\u021belor \u0219i actualiz\u0103ri de mod\u0103 sezoniere<\/li>\n<li>Sfaturi de stilizare pentru diferite ocazii<\/li>\n<li>Idei inspirate de \u021binute<\/li>\n<li>Ghiduri despre materiale, culori \u0219i croieli<\/li>\n<li>Mod\u0103 sustenabil\u0103 \u0219i alegeri vestimentare etice<\/li>\n<\/ul>\n<p>Misiunea noastr\u0103 este s\u0103 facem moda accesibil\u0103 tuturor, indiferent de stil sau buget. Sper\u0103m s\u0103 v\u0103 inspir\u0103m \u0219i s\u0103 v\u0103 ajut\u0103m s\u0103 v\u0103 sim\u021bi\u021bi \u00eencrez\u0103tori \u00een ceea ce purta\u021bi.<\/p>\n<p>R\u0103m\u00e2i informat \u0219i descoper\u0103 cea mai frumoas\u0103 inspira\u021bie \u00een mod\u0103 la KabbalahCentrum!<\/p>","protected":false},"excerpt":{"rendered":"<p>Bine a\u021bi venit la Kabbalah Center Netherlands \u2013 sursa dumneavoastr\u0103 suprem\u0103 pentru tot ce \u021bine de mod\u0103 \u0219i stil. V\u0103 oferim cele mai recente tendin\u021be, sfaturi de stil \u0219i inspira\u021bie pentru a v\u0103 ajuta s\u0103 v\u0103 atinge\u021bi obiectivele. <a class=\"more-link\" href=\"https:\/\/kabbalahcentrum.nl\/ro\/over-het-bedrijf\/\">[ . . . ]<\/a><\/p>","protected":false},"author":1,"featured_media":0,"parent":0,"menu_order":0,"comment_status":"closed","ping_status":"closed","template":"","meta":{"_acf_changed":false,"footnotes":""},"class_list":["post-44","page","type-page","status-publish","hentry"],"acf":[],"yoast_head":"<!-- This site is optimized with the Yoast SEO plugin v23.2 - https:\/\/yoast.com\/wordpress\/plugins\/seo\/ -->\n<title>Over het bedrijf - kabbalahcentrum.nl<\/title>\n<meta name=\"description\" content=\"Ontdek alles over mode, trends en styling. Lees inspirerende artikelen en blijf op de hoogte van de nieuwste fashionontwikkelingen.\" \/>\n<meta name=\"robots\" content=\"index, follow, max-snippet:-1, max-image-preview:large, max-video-preview:-1\" \/>\n<link rel=\"canonical\" href=\"https:\/\/kabbalahcentrum.nl\/ro\/over-het-bedrijf\/\" \/>\n<meta property=\"og:locale\" content=\"ro_RO\" \/>\n<meta property=\"og:type\" content=\"article\" \/>\n<meta property=\"og:title\" content=\"Over het bedrijf - kabbalahcentrum.nl\" \/>\n<meta property=\"og:description\" content=\"Ontdek alles over mode, trends en styling. Lees inspirerende artikelen en blijf op de hoogte van de nieuwste fashionontwikkelingen.\" \/>\n<meta property=\"og:url\" content=\"https:\/\/kabbalahcentrum.nl\/ro\/over-het-bedrijf\/\" \/>\n<meta property=\"og:site_name\" content=\"kabbalahcentrum.nl\" \/>\n<meta property=\"article:modified_time\" content=\"2025-02-03T13:57:17+00:00\" \/>\n<meta property=\"og:image\" content=\"https:\/\/kabbalahcentrum.nl\/wp-content\/uploads\/2025\/02\/photo-new.jpg\" \/>\n<meta name=\"twitter:card\" content=\"summary_large_image\" \/>\n<meta name=\"twitter:label1\" content=\"Timp estimat pentru citire\" \/>\n\t<meta name=\"twitter:data1\" content=\"1 minut\" \/>\n<script type=\"application\/ld+json\" class=\"yoast-schema-graph\">{\"@context\":\"https:\/\/schema.org\",\"@graph\":[{\"@type\":\"WebPage\",\"@id\":\"https:\/\/kabbalahcentrum.nl\/over-het-bedrijf\/\",\"url\":\"https:\/\/kabbalahcentrum.nl\/over-het-bedrijf\/\",\"name\":\"Over het bedrijf - kabbalahcentrum.nl\",\"isPartOf\":{\"@id\":\"https:\/\/kabbalahcentrum.nl\/#website\"},\"primaryImageOfPage\":{\"@id\":\"https:\/\/kabbalahcentrum.nl\/over-het-bedrijf\/#primaryimage\"},\"image\":{\"@id\":\"https:\/\/kabbalahcentrum.nl\/over-het-bedrijf\/#primaryimage\"},\"thumbnailUrl\":\"https:\/\/kabbalahcentrum.nl\/wp-content\/uploads\/2025\/02\/photo-new.jpg\",\"datePublished\":\"2025-02-03T13:57:14+00:00\",\"dateModified\":\"2025-02-03T13:57:17+00:00\",\"description\":\"Ontdek alles over mode, trends en styling. Lees inspirerende artikelen en blijf op de hoogte van de nieuwste fashionontwikkelingen.\",\"breadcrumb\":{\"@id\":\"https:\/\/kabbalahcentrum.nl\/over-het-bedrijf\/#breadcrumb\"},\"inLanguage\":\"ro-RO\",\"potentialAction\":[{\"@type\":\"ReadAction\",\"target\":[\"https:\/\/kabbalahcentrum.nl\/over-het-bedrijf\/\"]}]},{\"@type\":\"ImageObject\",\"inLanguage\":\"ro-RO\",\"@id\":\"https:\/\/kabbalahcentrum.nl\/over-het-bedrijf\/#primaryimage\",\"url\":\"https:\/\/kabbalahcentrum.nl\/wp-content\/uploads\/2025\/02\/photo-new.jpg\",\"contentUrl\":\"https:\/\/kabbalahcentrum.nl\/wp-content\/uploads\/2025\/02\/photo-new.jpg\"},{\"@type\":\"BreadcrumbList\",\"@id\":\"https:\/\/kabbalahcentrum.nl\/over-het-bedrijf\/#breadcrumb\",\"itemListElement\":[{\"@type\":\"ListItem\",\"position\":1,\"name\":\"Home\",\"item\":\"https:\/\/kabbalahcentrum.nl\/\"},{\"@type\":\"ListItem\",\"position\":2,\"name\":\"Over het bedrijf\"}]},{\"@type\":\"WebSite\",\"@id\":\"https:\/\/kabbalahcentrum.nl\/#website\",\"url\":\"https:\/\/kabbalahcentrum.nl\/\",\"name\":\"kabbalahcentrum.nl\",\"description\":\"Blijf stijlvol met mode-inspiratie, trends en tips voor de perfecte outfit\",\"potentialAction\":[{\"@type\":\"SearchAction\",\"target\":{\"@type\":\"EntryPoint\",\"urlTemplate\":\"https:\/\/kabbalahcentrum.nl\/?s={search_term_string}\"},\"query-input\":\"required name=search_term_string\"}],\"inLanguage\":\"ro-RO\"}]}<\/script>\n<!-- \/ Yoast SEO plugin. -->","yoast_head_json":{"title":"Over het bedrijf - kabbalahcentrum.nl","description":"Ontdek alles over mode, trends en styling. Lees inspirerende artikelen en blijf op de hoogte van de nieuwste fashionontwikkelingen.","robots":{"index":"index","follow":"follow","max-snippet":"max-snippet:-1","max-image-preview":"max-image-preview:large","max-video-preview":"max-video-preview:-1"},"canonical":"https:\/\/kabbalahcentrum.nl\/ro\/over-het-bedrijf\/","og_locale":"ro_RO","og_type":"article","og_title":"Over het bedrijf - kabbalahcentrum.nl","og_description":"Ontdek alles over mode, trends en styling. Lees inspirerende artikelen en blijf op de hoogte van de nieuwste fashionontwikkelingen.","og_url":"https:\/\/kabbalahcentrum.nl\/ro\/over-het-bedrijf\/","og_site_name":"kabbalahcentrum.nl","article_modified_time":"2025-02-03T13:57:17+00:00","og_image":[{"url":"https:\/\/kabbalahcentrum.nl\/wp-content\/uploads\/2025\/02\/photo-new.jpg"}],"twitter_card":"summary_large_image","twitter_misc":{"Timp estimat pentru citire":"1 minut"},"schema":{"@context":"https:\/\/schema.org","@graph":[{"@type":"WebPage","@id":"https:\/\/kabbalahcentrum.nl\/over-het-bedrijf\/","url":"https:\/\/kabbalahcentrum.nl\/over-het-bedrijf\/","name":"Over het bedrijf - kabbalahcentrum.nl","isPartOf":{"@id":"https:\/\/kabbalahcentrum.nl\/#website"},"primaryImageOfPage":{"@id":"https:\/\/kabbalahcentrum.nl\/over-het-bedrijf\/#primaryimage"},"image":{"@id":"https:\/\/kabbalahcentrum.nl\/over-het-bedrijf\/#primaryimage"},"thumbnailUrl":"https:\/\/kabbalahcentrum.nl\/wp-content\/uploads\/2025\/02\/photo-new.jpg","datePublished":"2025-02-03T13:57:14+00:00","dateModified":"2025-02-03T13:57:17+00:00","description":"Ontdek alles over mode, trends en styling. Lees inspirerende artikelen en blijf op de hoogte van de nieuwste fashionontwikkelingen.","breadcrumb":{"@id":"https:\/\/kabbalahcentrum.nl\/over-het-bedrijf\/#breadcrumb"},"inLanguage":"ro-RO","potentialAction":[{"@type":"ReadAction","target":["https:\/\/kabbalahcentrum.nl\/over-het-bedrijf\/"]}]},{"@type":"ImageObject","inLanguage":"ro-RO","@id":"https:\/\/kabbalahcentrum.nl\/over-het-bedrijf\/#primaryimage","url":"https:\/\/kabbalahcentrum.nl\/wp-content\/uploads\/2025\/02\/photo-new.jpg","contentUrl":"https:\/\/kabbalahcentrum.nl\/wp-content\/uploads\/2025\/02\/photo-new.jpg"},{"@type":"BreadcrumbList","@id":"https:\/\/kabbalahcentrum.nl\/over-het-bedrijf\/#breadcrumb","itemListElement":[{"@type":"ListItem","position":1,"name":"Home","item":"https:\/\/kabbalahcentrum.nl\/"},{"@type":"ListItem","position":2,"name":"Over het bedrijf"}]},{"@type":"WebSite","@id":"https:\/\/kabbalahcentrum.nl\/#website","url":"https:\/\/kabbalahcentrum.nl\/","name":"kabbalahcentrum.nl","description":"Blijf stijlvol met mode-inspiratie, trends en tips voor de perfecte outfit","potentialAction":[{"@type":"SearchAction","target":{"@type":"EntryPoint","urlTemplate":"https:\/\/kabbalahcentrum.nl\/?s={search_term_string}"},"query-input":"required name=search_term_string"}],"inLanguage":"ro-RO"}]}},"yoast_meta":{"yoast_wpseo_title":"","yoast_wpseo_metadesc":"","yoast_wpseo_canonical":"https:\/\/kabbalahcentrum.nl\/ro\/wp-json\/wp\/v2\/pages\/44"},"_links":{"self":[{"href":"https:\/\/kabbalahcentrum.nl\/ro\/wp-json\/wp\/v2\/pages\/44","targetHints":{"allow":["GET"]}}],"collection":[{"href":"https:\/\/kabbalahcentrum.nl\/ro\/wp-json\/wp\/v2\/pages"}],"about":[{"href":"https:\/\/kabbalahcentrum.nl\/ro\/wp-json\/wp\/v2\/types\/page"}],"author":[{"embeddable":true,"href":"https:\/\/kabbalahcentrum.nl\/ro\/wp-json\/wp\/v2\/users\/1"}],"replies":[{"embeddable":true,"href":"https:\/\/kabbalahcentrum.nl\/ro\/wp-json\/wp\/v2\/comments?post=44"}],"version-history":[{"count":1,"href":"https:\/\/kabbalahcentrum.nl\/ro\/wp-json\/wp\/v2\/pages\/44\/revisions"}],"predecessor-version":[{"id":47,"href":"https:\/\/kabbalahcentrum.nl\/ro\/wp-json\/wp\/v2\/pages\/44\/revisions\/47"}],"wp:attachment":[{"href":"https:\/\/kabbalahcentrum.nl\/ro\/wp-json\/wp\/v2\/media?parent=44"}],"curies":[{"name":"wp","href":"https:\/\/api.w.org\/{rel}","templated":true}]}}